{"id":2822,"date":"2024-04-26T11:25:01","date_gmt":"2024-04-26T09:25:01","guid":{"rendered":"https:\/\/asesoriaperez.com\/privacy-policy\/"},"modified":"2024-08-09T11:09:31","modified_gmt":"2024-08-09T09:09:31","slug":"privacy-policy","status":"publish","type":"page","link":"https:\/\/asesoriaperez.com\/en\/privacy-policy\/","title":{"rendered":"Privacy Policy"},"content":{"rendered":"\t\t<div data-elementor-type=\"wp-page\" data-elementor-id=\"2822\" class=\"elementor elementor-2822 elementor-3\" data-elementor-post-type=\"page\">\n\t\t\t\t\t\t<section class=\"elementor-section elementor-top-section elementor-element elementor-element-3fb7d98c elementor-section-height-min-height elementor-section-boxed elementor-section-height-default elementor-section-items-middle\" data-id=\"3fb7d98c\" data-element_type=\"section\" data-settings=\"{&quot;background_background&quot;:&quot;classic&quot;}\">\n\t\t\t\t\t\t\t<div class=\"elementor-background-overlay\"><\/div>\n\t\t\t\t\t\t\t<div class=\"elementor-container elementor-column-gap-default\">\n\t\t\t\t\t<div class=\"elementor-column elementor-col-100 elementor-top-column elementor-element elementor-element-7a489c18\" data-id=\"7a489c18\" data-element_type=\"column\">\n\t\t\t<div class=\"elementor-widget-wrap elementor-element-populated\">\n\t\t\t\t\t\t<section class=\"elementor-section elementor-inner-section elementor-element elementor-element-4229245e elementor-section-boxed elementor-section-height-default elementor-section-height-default\" data-id=\"4229245e\" data-element_type=\"section\">\n\t\t\t\t\t\t<div class=\"elementor-container elementor-column-gap-default\">\n\t\t\t\t\t<div class=\"elementor-column elementor-col-100 elementor-inner-column elementor-element elementor-element-c05523\" data-id=\"c05523\" data-element_type=\"column\">\n\t\t\t<div class=\"elementor-widget-wrap elementor-element-populated\">\n\t\t\t\t\t\t<div class=\"elementor-element elementor-element-1575e609 elementor-invisible elementor-widget elementor-widget-heading\" data-id=\"1575e609\" data-element_type=\"widget\" data-settings=\"{&quot;_animation&quot;:&quot;fadeIn&quot;,&quot;_animation_delay&quot;:100}\" data-widget_type=\"heading.default\">\n\t\t\t\t<div class=\"elementor-widget-container\">\n\t\t\t<style>\/*! elementor - v3.23.0 - 05-08-2024 *\/\n.elementor-heading-title{padding:0;margin:0;line-height:1}.elementor-widget-heading .elementor-heading-title[class*=elementor-size-]>a{color:inherit;font-size:inherit;line-height:inherit}.elementor-widget-heading .elementor-heading-title.elementor-size-small{font-size:15px}.elementor-widget-heading .elementor-heading-title.elementor-size-medium{font-size:19px}.elementor-widget-heading .elementor-heading-title.elementor-size-large{font-size:29px}.elementor-widget-heading .elementor-heading-title.elementor-size-xl{font-size:39px}.elementor-widget-heading .elementor-heading-title.elementor-size-xxl{font-size:59px}<\/style><h1 class=\"elementor-heading-title elementor-size-default\">Privacy Policy<\/h1>\t\t<\/div>\n\t\t\t\t<\/div>\n\t\t\t\t\t<\/div>\n\t\t<\/div>\n\t\t\t\t\t<\/div>\n\t\t<\/section>\n\t\t\t\t\t<\/div>\n\t\t<\/div>\n\t\t\t\t\t<\/div>\n\t\t<\/section>\n\t\t<div class=\"elementor-element elementor-element-8c06da6 e-flex e-con-boxed e-con e-parent\" data-id=\"8c06da6\" data-element_type=\"container\">\n\t\t\t\t\t<div class=\"e-con-inner\">\n\t\t\t\t<div class=\"elementor-element elementor-element-17b160e elementor-widget elementor-widget-text-editor\" data-id=\"17b160e\" data-element_type=\"widget\" data-widget_type=\"text-editor.default\">\n\t\t\t\t<div class=\"elementor-widget-container\">\n\t\t\t<style>\/*! elementor - v3.23.0 - 05-08-2024 *\/\n.elementor-widget-text-editor.elementor-drop-cap-view-stacked .elementor-drop-cap{background-color:#69727d;color:#fff}.elementor-widget-text-editor.elementor-drop-cap-view-framed .elementor-drop-cap{color:#69727d;border:3px solid;background-color:transparent}.elementor-widget-text-editor:not(.elementor-drop-cap-view-default) .elementor-drop-cap{margin-top:8px}.elementor-widget-text-editor:not(.elementor-drop-cap-view-default) .elementor-drop-cap-letter{width:1em;height:1em}.elementor-widget-text-editor .elementor-drop-cap{float:left;text-align:center;line-height:1;font-size:50px}.elementor-widget-text-editor .elementor-drop-cap-letter{display:inline-block}<\/style>\t\t\t\t<h2><strong>Legal Notice<\/strong><\/h2>\n<h5><b>Identification and Ownership<\/b><\/h5>\n<p><span style=\"font-weight: 400;\">In compliance with Article 10 of Law 34\/2002, of July 11, 2002, of Services of the Information Society and Electronic Commerce, the Holder exposes its identification data:<\/span><\/p>\n<p><b>Owner:<\/b>&nbsp;Asesor\u00eda P\u00e9rez&nbsp; &amp; Porras<span style=\"font-weight: 400;\"><br><\/span><b>TAX IDENTIFICATION NUMBER:&nbsp;<\/b>B92446434<span style=\"font-weight: 400;\"><br><\/span><b>Address:&nbsp;<\/b> LA UNI\u00d3N, N\u00ba 80, 1 IZQ, FUENGIROLA, M\u00c1LAGA<span style=\"font-weight: 400;\"><br><\/span><b>E-mail:&nbsp;<\/b>ana.perez@asesoriaperez.com<br><b>Web site:<\/b><span style=\"font-weight: 400;\">&nbsp;<\/span><\/p>\n<h5><b>Purpose<\/b><\/h5>\n<p><span style=\"font-weight: 400;\">The purpose of the Web Site is: To offer a&nbsp;<\/span><span style=\"font-size: 20px; text-align: var(--text-align); background-color: var( --e-global-color-c696dce ); color: var(--contrast);\">complete tax consultancy service in Malaga<\/span><\/p>\n<h5><b>Conditions of Use<\/b><\/h5>\n<p><span style=\"font-weight: 400;\">The use of the Web Site grants you the condition of User, and implies the complete acceptance of all the clauses and conditions of use included in the pages:<\/span><\/p>\n<ul>\n<li style=\"font-weight: 400;\" aria-level=\"1\"><span style=\"font-weight: 400;\">Legal Notice<\/span><\/li>\n<li style=\"font-weight: 400;\" aria-level=\"1\"><span style=\"font-weight: 400;\">Cookies Policy<\/span><\/li>\n<\/ul>\n<p><span style=\"font-weight: 400;\">If you do not agree with each and every one of these terms and conditions, please refrain from using the Web Site.<\/span><span style=\"font-weight: 400;\"><br><\/span><span style=\"font-weight: 400;\">Access to the Website does not imply, in any way, the beginning of a business relationship with the Owner.<\/span><span style=\"font-weight: 400;\"><br><\/span><span style=\"font-weight: 400;\">Through the Website, the Proprietor provides access to and use of various content that the Proprietor and \/ or its partners have published via the Internet.\nTo this end, you are obliged and committed to NOT use any of the contents of the Website for illegal purposes or effects, prohibited in this Legal Notice or by law, harmful to the rights and interests of others, or in any way damage, disable, overburden, impair or impede the normal use of the contents, computer equipment or documents, files and all kinds of content stored on any computer equipment owned or contracted by the Holder, other users or any Internet user. <\/span><\/p>\n<h5><\/h5>\n<h5><b>Age of majority<\/b><\/h5>\n<p><span style=\"font-weight: 400;\">You must be at least 18 years of age to use the services offered by the Holder or the age of majority required for your country to register on or use the Website.\nIf you reside in a country outside the European Union, you must be at least 13 years of age to use the Website or the age of majority required for your country to register on or use the Website.\nIn addition to being the minimum age required to use the Web Site under applicable law, if you are not of sufficient age to be able to accept the Terms in your country, your parent or guardian must accept the Terms on your behalf.  <\/span><\/p>\n<h5><b>Safety measures<\/b><\/h5>\n<p><span style=\"font-weight: 400;\">The personal data provided to the Holder may be stored in automated databases or not, whose ownership corresponds exclusively to the Holder, who assumes all technical, organizational and security measures to ensure the confidentiality, integrity and quality of the information contained therein in accordance with the provisions of current legislation on data protection.<\/span><span style=\"font-weight: 400;\"><br><\/span><span style=\"font-weight: 400;\">However, you should be aware that the security measures of computer systems on the Internet are not entirely reliable and therefore the Holder can not guarantee the absence of viruses or other elements that may cause alterations in computer systems (software and hardware) of the User or in their electronic documents and files contained therein, although the Holder puts all the necessary means and takes appropriate security measures to prevent the presence of these harmful elements.<\/span><\/p>\n<h5><b>Contents<\/b><\/h5>\n<p><span style=\"font-weight: 400;\">The Proprietor has obtained the information, multimedia content and materials contained on the Website from sources it believes to be reliable, but, while it has taken all reasonable steps to ensure that the information contained is correct, the Proprietor does not warrant that it is accurate, complete or up to date.\nThe Proprietor expressly disclaims any liability for errors or omissions in the information contained in the pages of the Website. <\/span><span style=\"font-weight: 400;\"><br><\/span><span style=\"font-weight: 400;\">It is forbidden to transmit or send through the Website any illegal or illicit content, computer viruses, or messages that, in general, affect or violate the rights of the Holder or third parties.<\/span><span style=\"font-weight: 400;\"><br><\/span><span style=\"font-weight: 400;\">The contents of the Web Site are for informational purposes only and under no circumstances should they be used or considered as an offer to sell, a solicitation of an offer to buy or a recommendation to engage in any other transaction, unless expressly stated.<\/span><span style=\"font-weight: 400;\"><br><\/span><span style=\"font-weight: 400;\">The Proprietor reserves the right to modify, suspend, cancel or restrict the content of the Web Site, links or information obtained through the Web Site, without prior notice.<\/span><span style=\"font-weight: 400;\"><br><\/span><span style=\"font-weight: 400;\">The Holder is not liable for any damages that may arise from the use of the information on the Website.<\/span><\/p>\n<h5><b>Cookie Policy<\/b><\/h5>\n<p><span style=\"font-weight: 400;\">You can consult all the information related to the policy of collection and treatment of cookies on the Cookies Policy page.<\/span><\/p>\n<h5><b>Links to other websites<\/b><\/h5>\n<p><span style=\"font-weight: 400;\">The Proprietor may provide access to third party websites through links for the sole purpose of informing you of the existence of other sources of information on the Internet where you can expand the information provided on the Website.\nThese links to other websites do not imply in any case a suggestion or recommendation for you to visit the destination websites, which are beyond the control of the Holder, so the Holder is not responsible for the content of the linked websites or the result you get by following the links.\nLikewise, the Holder is not responsible for the links or links located on the linked websites to which it provides you with access.  <\/span><span style=\"font-weight: 400;\"><br><\/span><span style=\"font-weight: 400;\">The establishment of the link does not imply in any case the existence of relations between the Holder and the owner of the site where the link is established, nor the acceptance or approval by the Holder of its contents or services.<\/span><span style=\"font-weight: 400;\"><br><\/span><span style=\"font-weight: 400;\">If you access an external website from a link you find on the Web Site you should read the other website&#8217;s own privacy policy which may be different from this Web Site.<\/span><\/p>\n<h5><b>Intellectual and industrial property<\/b><\/h5>\n<p><span style=\"font-weight: 400;\">All rights reserved.<\/span><span style=\"font-weight: 400;\"><br><\/span><span style=\"font-weight: 400;\">All access to this Web Site is subject to the following conditions: the reproduction, permanent storage and dissemination of the contents or any other use for public or commercial purposes is expressly prohibited without the prior express written consent of the Owner.<\/span><\/p>\n<h5><b>Limitation of liability<\/b><\/h5>\n<p><span style=\"font-weight: 400;\">The information and services included or available through the Website may include inaccuracies or typographical errors.\nThe Proprietor periodically incorporates improvements and \/ or changes to the information contained and \/ or the Services that may be introduced at any time.\nThe Proprietor does not represent or warrant that the services or content will be uninterrupted or error free, that defects will be corrected, or that the service or the server that makes it available are free of viruses or other harmful components without prejudice that the Proprietor makes every effort to avoid such incidents.  <\/span><span style=\"font-weight: 400;\"><br><\/span><span style=\"font-weight: 400;\">The Proprietor disclaims any liability in case of interruptions or malfunction of the Services or content offered on the Internet, whatever their cause.\nLikewise, the Proprietor shall not be liable for network failures, loss of business as a result of such failures, temporary suspensions of electric power or any other type of indirect damage that may be caused by causes beyond the control of the Proprietor.\nBefore taking decisions and\/or actions based on the information included in the Web Site, the Holder recommends you to check and contrast the information received with other sources.  <\/span><\/p>\n<h5><b>Jurisdiction<\/b><\/h5>\n<p><span style=\"font-weight: 400;\">This Legal Notice is governed entirely by Spanish law.<\/span><span style=\"font-weight: 400;\"><br><\/span><span style=\"font-weight: 400;\">Provided that there is no rule that requires otherwise, for any questions that may arise regarding the interpretation, application and enforcement of this Legal Notice, as well as claims that may arise from its use, the parties agree to submit to the Judges and Courts of the province of Cadiz, expressly waiving any other jurisdiction that may correspond to them.<\/span><\/p>\n<h5><b>Contact<\/b><\/h5>\n<p><span style=\"font-weight: 400;\">In case you have any questions about this Legal Notice or want to make any comments about the Web Site, you can send an e-mail to the address: <\/span><span style=\"font-weight: 400;\">*insert customer email*<\/span><\/p>\t\t\t\t\t\t<\/div>\n\t\t\t\t<\/div>\n\t\t\t\t\t<\/div>\n\t\t\t\t<\/div>\n\t\t\t\t<\/div>\n\t\t","protected":false},"excerpt":{"rendered":"<p>Privacy Policy Legal Notice Identification and Ownership In compliance with Article 10 of Law 34\/2002, of July 11, 2002, of Services of the Information Society and Electronic Commerce, the Holder exposes its identification data: Owner:&nbsp;Asesor\u00eda P\u00e9rez&nbsp; &amp; PorrasTAX IDENTIFICATION NUMBER:&nbsp;B92446434Address:&nbsp; LA UNI\u00d3N, N\u00ba 80, 1 IZQ, FUENGIROLA, M\u00c1LAGAE-mail:&nbsp;ana.perez@asesoriaperez.comWeb site:&nbsp; Purpose The purpose of the Web &#8230; <a title=\"Privacy Policy\" class=\"read-more\" href=\"https:\/\/asesoriaperez.com\/en\/privacy-policy\/\" aria-label=\"Read more about Privacy Policy\">Read more<\/a><\/p>\n","protected":false},"author":3,"featured_media":0,"parent":0,"menu_order":0,"comment_status":"closed","ping_status":"open","template":"elementor_header_footer","meta":{"footnotes":""},"class_list":["post-2822","page","type-page","status-publish"],"yoast_head":"<!-- This site is optimized with the Yoast SEO plugin v23.3 - https:\/\/yoast.com\/wordpress\/plugins\/seo\/ -->\n<title>Privacy Policy - Gestor\u00eda P\u00e9rez &amp; Porras SL<\/title>\n<meta name=\"robots\" content=\"index, follow, max-snippet:-1, max-image-preview:large, max-video-preview:-1\" \/>\n<link rel=\"canonical\" href=\"https:\/\/asesoriaperez.com\/en\/privacy-policy\/\" \/>\n<meta property=\"og:locale\" content=\"en_US\" \/>\n<meta property=\"og:type\" content=\"article\" \/>\n<meta property=\"og:title\" content=\"Privacy Policy - Gestor\u00eda P\u00e9rez &amp; Porras SL\" \/>\n<meta property=\"og:description\" content=\"Privacy Policy Legal Notice Identification and Ownership In compliance with Article 10 of Law 34\/2002, of July 11, 2002, of Services of the Information Society and Electronic Commerce, the Holder exposes its identification data: Owner:&nbsp;Asesor\u00eda P\u00e9rez&nbsp; &amp; PorrasTAX IDENTIFICATION NUMBER:&nbsp;B92446434Address:&nbsp; LA UNI\u00d3N, N\u00ba 80, 1 IZQ, FUENGIROLA, M\u00c1LAGAE-mail:&nbsp;ana.perez@asesoriaperez.comWeb site:&nbsp; Purpose The purpose of the Web ... Read more\" \/>\n<meta property=\"og:url\" content=\"https:\/\/asesoriaperez.com\/en\/privacy-policy\/\" \/>\n<meta property=\"og:site_name\" content=\"Gestor\u00eda P\u00e9rez &amp; Porras SL\" \/>\n<meta property=\"article:modified_time\" content=\"2024-08-09T09:09:31+00:00\" \/>\n<meta name=\"twitter:card\" content=\"summary_large_image\" \/>\n<meta name=\"twitter:label1\" content=\"Est. reading time\" \/>\n\t<meta name=\"twitter:data1\" content=\"6 minutes\" \/>\n<script type=\"application\/ld+json\" class=\"yoast-schema-graph\">{\"@context\":\"https:\/\/schema.org\",\"@graph\":[{\"@type\":\"WebPage\",\"@id\":\"https:\/\/asesoriaperez.com\/en\/privacy-policy\/\",\"url\":\"https:\/\/asesoriaperez.com\/en\/privacy-policy\/\",\"name\":\"Privacy Policy - Gestor\u00eda P\u00e9rez &amp; Porras SL\",\"isPartOf\":{\"@id\":\"https:\/\/asesoriaperez.com\/en\/#website\"},\"datePublished\":\"2024-04-26T09:25:01+00:00\",\"dateModified\":\"2024-08-09T09:09:31+00:00\",\"breadcrumb\":{\"@id\":\"https:\/\/asesoriaperez.com\/en\/privacy-policy\/#breadcrumb\"},\"inLanguage\":\"en-US\",\"potentialAction\":[{\"@type\":\"ReadAction\",\"target\":[\"https:\/\/asesoriaperez.com\/en\/privacy-policy\/\"]}]},{\"@type\":\"BreadcrumbList\",\"@id\":\"https:\/\/asesoriaperez.com\/en\/privacy-policy\/#breadcrumb\",\"itemListElement\":[{\"@type\":\"ListItem\",\"position\":1,\"name\":\"Portada\",\"item\":\"https:\/\/asesoriaperez.com\/en\/perez-porras-s-l-consulting-firm\/\"},{\"@type\":\"ListItem\",\"position\":2,\"name\":\"Privacy Policy\"}]},{\"@type\":\"WebSite\",\"@id\":\"https:\/\/asesoriaperez.com\/en\/#website\",\"url\":\"https:\/\/asesoriaperez.com\/en\/\",\"name\":\"Gestor\u00eda P\u00e9rez &amp; Porras SL\",\"description\":\"\",\"publisher\":{\"@id\":\"https:\/\/asesoriaperez.com\/en\/#organization\"},\"potentialAction\":[{\"@type\":\"SearchAction\",\"target\":{\"@type\":\"EntryPoint\",\"urlTemplate\":\"https:\/\/asesoriaperez.com\/en\/?s={search_term_string}\"},\"query-input\":\"required name=search_term_string\"}],\"inLanguage\":\"en-US\"},{\"@type\":\"Organization\",\"@id\":\"https:\/\/asesoriaperez.com\/en\/#organization\",\"name\":\"Gestor\u00eda P\u00e9rez &amp; Porras SL\",\"url\":\"https:\/\/asesoriaperez.com\/en\/\",\"logo\":{\"@type\":\"ImageObject\",\"inLanguage\":\"en-US\",\"@id\":\"https:\/\/asesoriaperez.com\/en\/#\/schema\/logo\/image\/\",\"url\":\"https:\/\/asesoriaperez.com\/wp-content\/uploads\/2026\/02\/LOGO-VERSION-PRINCIPAL-1.png\",\"contentUrl\":\"https:\/\/asesoriaperez.com\/wp-content\/uploads\/2026\/02\/LOGO-VERSION-PRINCIPAL-1.png\",\"width\":369,\"height\":55,\"caption\":\"Gestor\u00eda P\u00e9rez &amp; Porras  SL\"},\"image\":{\"@id\":\"https:\/\/asesoriaperez.com\/en\/#\/schema\/logo\/image\/\"}}]}<\/script>\n<!-- \/ Yoast SEO plugin. -->","yoast_head_json":{"title":"Privacy Policy - Gestor\u00eda P\u00e9rez &amp; Porras SL","robots":{"index":"index","follow":"follow","max-snippet":"max-snippet:-1","max-image-preview":"max-image-preview:large","max-video-preview":"max-video-preview:-1"},"canonical":"https:\/\/asesoriaperez.com\/en\/privacy-policy\/","og_locale":"en_US","og_type":"article","og_title":"Privacy Policy - Gestor\u00eda P\u00e9rez &amp; Porras SL","og_description":"Privacy Policy Legal Notice Identification and Ownership In compliance with Article 10 of Law 34\/2002, of July 11, 2002, of Services of the Information Society and Electronic Commerce, the Holder exposes its identification data: Owner:&nbsp;Asesor\u00eda P\u00e9rez&nbsp; &amp; PorrasTAX IDENTIFICATION NUMBER:&nbsp;B92446434Address:&nbsp; LA UNI\u00d3N, N\u00ba 80, 1 IZQ, FUENGIROLA, M\u00c1LAGAE-mail:&nbsp;ana.perez@asesoriaperez.comWeb site:&nbsp; Purpose The purpose of the Web ... Read more","og_url":"https:\/\/asesoriaperez.com\/en\/privacy-policy\/","og_site_name":"Gestor\u00eda P\u00e9rez &amp; Porras SL","article_modified_time":"2024-08-09T09:09:31+00:00","twitter_card":"summary_large_image","twitter_misc":{"Est. reading time":"6 minutes"},"schema":{"@context":"https:\/\/schema.org","@graph":[{"@type":"WebPage","@id":"https:\/\/asesoriaperez.com\/en\/privacy-policy\/","url":"https:\/\/asesoriaperez.com\/en\/privacy-policy\/","name":"Privacy Policy - Gestor\u00eda P\u00e9rez &amp; Porras SL","isPartOf":{"@id":"https:\/\/asesoriaperez.com\/en\/#website"},"datePublished":"2024-04-26T09:25:01+00:00","dateModified":"2024-08-09T09:09:31+00:00","breadcrumb":{"@id":"https:\/\/asesoriaperez.com\/en\/privacy-policy\/#breadcrumb"},"inLanguage":"en-US","potentialAction":[{"@type":"ReadAction","target":["https:\/\/asesoriaperez.com\/en\/privacy-policy\/"]}]},{"@type":"BreadcrumbList","@id":"https:\/\/asesoriaperez.com\/en\/privacy-policy\/#breadcrumb","itemListElement":[{"@type":"ListItem","position":1,"name":"Portada","item":"https:\/\/asesoriaperez.com\/en\/perez-porras-s-l-consulting-firm\/"},{"@type":"ListItem","position":2,"name":"Privacy Policy"}]},{"@type":"WebSite","@id":"https:\/\/asesoriaperez.com\/en\/#website","url":"https:\/\/asesoriaperez.com\/en\/","name":"Gestor\u00eda P\u00e9rez &amp; Porras SL","description":"","publisher":{"@id":"https:\/\/asesoriaperez.com\/en\/#organization"},"potentialAction":[{"@type":"SearchAction","target":{"@type":"EntryPoint","urlTemplate":"https:\/\/asesoriaperez.com\/en\/?s={search_term_string}"},"query-input":"required name=search_term_string"}],"inLanguage":"en-US"},{"@type":"Organization","@id":"https:\/\/asesoriaperez.com\/en\/#organization","name":"Gestor\u00eda P\u00e9rez &amp; Porras SL","url":"https:\/\/asesoriaperez.com\/en\/","logo":{"@type":"ImageObject","inLanguage":"en-US","@id":"https:\/\/asesoriaperez.com\/en\/#\/schema\/logo\/image\/","url":"https:\/\/asesoriaperez.com\/wp-content\/uploads\/2026\/02\/LOGO-VERSION-PRINCIPAL-1.png","contentUrl":"https:\/\/asesoriaperez.com\/wp-content\/uploads\/2026\/02\/LOGO-VERSION-PRINCIPAL-1.png","width":369,"height":55,"caption":"Gestor\u00eda P\u00e9rez &amp; Porras  SL"},"image":{"@id":"https:\/\/asesoriaperez.com\/en\/#\/schema\/logo\/image\/"}}]}},"_links":{"self":[{"href":"https:\/\/asesoriaperez.com\/en\/wp-json\/wp\/v2\/pages\/2822"}],"collection":[{"href":"https:\/\/asesoriaperez.com\/en\/wp-json\/wp\/v2\/pages"}],"about":[{"href":"https:\/\/asesoriaperez.com\/en\/wp-json\/wp\/v2\/types\/page"}],"author":[{"embeddable":true,"href":"https:\/\/asesoriaperez.com\/en\/wp-json\/wp\/v2\/users\/3"}],"replies":[{"embeddable":true,"href":"https:\/\/asesoriaperez.com\/en\/wp-json\/wp\/v2\/comments?post=2822"}],"version-history":[{"count":2,"href":"https:\/\/asesoriaperez.com\/en\/wp-json\/wp\/v2\/pages\/2822\/revisions"}],"predecessor-version":[{"id":2825,"href":"https:\/\/asesoriaperez.com\/en\/wp-json\/wp\/v2\/pages\/2822\/revisions\/2825"}],"wp:attachment":[{"href":"https:\/\/asesoriaperez.com\/en\/wp-json\/wp\/v2\/media?parent=2822"}],"curies":[{"name":"wp","href":"https:\/\/api.w.org\/{rel}","templated":true}]}}