{"id":2815,"date":"2024-05-21T13:09:12","date_gmt":"2024-05-21T11:09:12","guid":{"rendered":"https:\/\/asesoriaperez.com\/legal-notice\/"},"modified":"2024-08-09T11:09:30","modified_gmt":"2024-08-09T09:09:30","slug":"legal-notice","status":"publish","type":"page","link":"https:\/\/asesoriaperez.com\/en\/legal-notice\/","title":{"rendered":"Legal Notice"},"content":{"rendered":"\t\t<div data-elementor-type=\"wp-page\" data-elementor-id=\"2815\" class=\"elementor elementor-2815 elementor-1927\" data-elementor-post-type=\"page\">\n\t\t\t\t\t\t<section class=\"elementor-section elementor-top-section elementor-element elementor-element-7d24e502 elementor-section-height-min-height elementor-section-boxed elementor-section-height-default elementor-section-items-middle\" data-id=\"7d24e502\" data-element_type=\"section\" data-settings=\"{&quot;background_background&quot;:&quot;classic&quot;}\">\n\t\t\t\t\t\t\t<div class=\"elementor-background-overlay\"><\/div>\n\t\t\t\t\t\t\t<div class=\"elementor-container elementor-column-gap-default\">\n\t\t\t\t\t<div class=\"elementor-column elementor-col-100 elementor-top-column elementor-element elementor-element-60f6ac5f\" data-id=\"60f6ac5f\" data-element_type=\"column\">\n\t\t\t<div class=\"elementor-widget-wrap elementor-element-populated\">\n\t\t\t\t\t\t<section class=\"elementor-section elementor-inner-section elementor-element elementor-element-6fb0259 elementor-section-boxed elementor-section-height-default elementor-section-height-default\" data-id=\"6fb0259\" data-element_type=\"section\">\n\t\t\t\t\t\t<div class=\"elementor-container elementor-column-gap-default\">\n\t\t\t\t\t<div class=\"elementor-column elementor-col-100 elementor-inner-column elementor-element elementor-element-1d422c66\" data-id=\"1d422c66\" data-element_type=\"column\">\n\t\t\t<div class=\"elementor-widget-wrap elementor-element-populated\">\n\t\t\t\t\t\t<div class=\"elementor-element elementor-element-263c38a5 elementor-invisible elementor-widget elementor-widget-heading\" data-id=\"263c38a5\" data-element_type=\"widget\" data-settings=\"{&quot;_animation&quot;:&quot;fadeIn&quot;,&quot;_animation_delay&quot;:100}\" data-widget_type=\"heading.default\">\n\t\t\t\t<div class=\"elementor-widget-container\">\n\t\t\t<style>\/*! elementor - v3.23.0 - 05-08-2024 *\/\n.elementor-heading-title{padding:0;margin:0;line-height:1}.elementor-widget-heading .elementor-heading-title[class*=elementor-size-]>a{color:inherit;font-size:inherit;line-height:inherit}.elementor-widget-heading .elementor-heading-title.elementor-size-small{font-size:15px}.elementor-widget-heading .elementor-heading-title.elementor-size-medium{font-size:19px}.elementor-widget-heading .elementor-heading-title.elementor-size-large{font-size:29px}.elementor-widget-heading .elementor-heading-title.elementor-size-xl{font-size:39px}.elementor-widget-heading .elementor-heading-title.elementor-size-xxl{font-size:59px}<\/style><h1 class=\"elementor-heading-title elementor-size-default\">Accessibility Policy<\/h1>\t\t<\/div>\n\t\t\t\t<\/div>\n\t\t\t\t\t<\/div>\n\t\t<\/div>\n\t\t\t\t\t<\/div>\n\t\t<\/section>\n\t\t\t\t\t<\/div>\n\t\t<\/div>\n\t\t\t\t\t<\/div>\n\t\t<\/section>\n\t\t<div class=\"elementor-element elementor-element-67f82b4 e-flex e-con-boxed e-con e-parent\" data-id=\"67f82b4\" data-element_type=\"container\">\n\t\t\t\t\t<div class=\"e-con-inner\">\n\t\t\t\t\t<\/div>\n\t\t\t\t<\/div>\n\t\t<div class=\"elementor-element elementor-element-aef4832 e-flex e-con-boxed e-con e-parent\" data-id=\"aef4832\" data-element_type=\"container\">\n\t\t\t\t\t<div class=\"e-con-inner\">\n\t\t\t\t<div class=\"elementor-element elementor-element-aeb037f elementor-widget elementor-widget-text-editor\" data-id=\"aeb037f\" data-element_type=\"widget\" data-widget_type=\"text-editor.default\">\n\t\t\t\t<div class=\"elementor-widget-container\">\n\t\t\t<style>\/*! elementor - v3.23.0 - 05-08-2024 *\/\n.elementor-widget-text-editor.elementor-drop-cap-view-stacked .elementor-drop-cap{background-color:#69727d;color:#fff}.elementor-widget-text-editor.elementor-drop-cap-view-framed .elementor-drop-cap{color:#69727d;border:3px solid;background-color:transparent}.elementor-widget-text-editor:not(.elementor-drop-cap-view-default) .elementor-drop-cap{margin-top:8px}.elementor-widget-text-editor:not(.elementor-drop-cap-view-default) .elementor-drop-cap-letter{width:1em;height:1em}.elementor-widget-text-editor .elementor-drop-cap{float:left;text-align:center;line-height:1;font-size:50px}.elementor-widget-text-editor .elementor-drop-cap-letter{display:inline-block}<\/style>\t\t\t\t<p><span style=\"font-weight: 400;\">In the construction of the web page of Asesor\u00eda Perez &amp; Porras<\/span><span style=\"font-weight: 400;\">&nbsp;measures have been adopted with the objective that the largest possible number of people can reach the information transmitted in it, regardless of the limitations of the person or those arising from the context of use.<\/span><\/p>\n<p><span style=\"font-weight: 400;\">Thus, the following aspects have been taken into account in the creation of the portal:<\/span><\/p>\n<ul>\n<li style=\"font-weight: 400;\" aria-level=\"1\"><span style=\"font-weight: 400;\">Use of CSS for the presentation of information.<\/span><\/li>\n<li style=\"font-weight: 400;\" aria-level=\"1\"><span style=\"font-weight: 400;\">Marking labels.<\/span><\/li>\n<li style=\"font-weight: 400;\" aria-level=\"1\"><span style=\"font-weight: 400;\">Usable, intuitive and alternative navigation systems.<\/span><\/li>\n<li style=\"font-weight: 400;\" aria-level=\"1\"><span style=\"font-weight: 400;\">Alternative descriptions in the images.<\/span><\/li>\n<li style=\"font-weight: 400;\" aria-level=\"1\"><span style=\"font-weight: 400;\">Verifications in the visualization with different browsers and devices.<\/span><\/li>\n<li style=\"font-weight: 400;\" aria-level=\"1\"><span style=\"font-weight: 400;\">Use of universal and alternative formats.<\/span><\/li>\n<li style=\"font-weight: 400;\" aria-level=\"1\"><span style=\"font-weight: 400;\">Links provide details of the function or destination of the hyperlink.<\/span><\/li>\n<li style=\"font-weight: 400;\" aria-level=\"1\"><span style=\"font-weight: 400;\">Use of W3C standards.<\/span><\/li>\n<li style=\"font-weight: 400;\" aria-level=\"1\"><span style=\"font-weight: 400;\">Access by keyboard shortcuts to the main options.<\/span><\/li>\n<\/ul>\n<h3><span style=\"font-weight: 400;\">Compliance with standards<\/span><\/h3>\n<p><span style=\"font-weight: 400;\">The pages of this Web site meet the AA mark according to the UNE 139803:2004 Standard and the W3C Web Content Accessibility Guidelines 1.0.\nAll Priority 1 and Priority 2 requirements and a subset of the Priority 3 requirements have been checked with a manual accessibility analysis through different semi-automatic tools and user agents. <\/span><\/p>\n<h3><span style=\"font-weight: 400;\">Keyboard shortcuts<\/span><\/h3>\n<p><span style=\"font-weight: 400;\">In this Web you can make orderly jumps in the content with the Tab key.<\/span><\/p>\n<h3><span style=\"font-weight: 400;\">Text size<\/span><\/h3>\n<p><span style=\"font-weight: 400;\">The accessible design allows the user to adjust the fonts to the size that suits him\/her. This action can be carried out in different ways depending on the web browser used. The following is the menu action where this functionality is found in the most common browsers:<\/span><\/p>\n<ul>\n<li style=\"font-weight: 400;\" aria-level=\"1\"><span style=\"font-weight: 400;\">Mozilla Firefox: See &gt; Text Size &gt; Increase Internet<\/span><\/li>\n<li style=\"font-weight: 400;\" aria-level=\"1\"><span style=\"font-weight: 400;\">Internet Explorer: See &gt; Text size &gt; Bigger<\/span><\/li>\n<li style=\"font-weight: 400;\" aria-level=\"1\"><span style=\"font-weight: 400;\">Opera: View &gt; Zoom &gt; %.<\/span><\/li>\n<li style=\"font-weight: 400;\" aria-level=\"1\"><span style=\"font-weight: 400;\">Safari: View &gt; Make text bigger<\/span><\/li>\n<li style=\"font-weight: 400;\" aria-level=\"1\"><span style=\"font-weight: 400;\">Google Chrome: Tools &gt; Zoom<\/span><\/li>\n<\/ul>\n<h3><span style=\"font-weight: 400;\">Technical configuration<\/span><\/h3>\n<p><span style=\"font-weight: 400;\">The web pages are created with the WordPress CMS. <\/span><span style=\"font-weight: 400;\">6.6.1<\/span><\/p>\n<h3><span style=\"font-weight: 400;\">Useful information on accessibility<\/span><\/h3>\n<p><span style=\"font-weight: 400;\">Below are a series of links organized into different categories that are useful for obtaining more information on accessibility.<\/span><\/p>\n<h4><span style=\"font-weight: 400;\">Accessibility of standards and technical documents:<\/span><\/h4>\n<p><a href=\"http:\/\/www.w3c.org\/\"><span style=\"font-weight: 400;\">http:\/\/www.w3c.org\/<\/span><span style=\"font-weight: 400;\"><br><\/span><\/a><span style=\"font-weight: 400;\">World Wide Web Consortium, an international working group that dictates general guidelines related to the Web.<\/span><\/p>\n<p><a href=\"http:\/\/www.w3c.org\/wai\/\"><span style=\"font-weight: 400;\">http:\/\/www.w3c.org\/wai\/<\/span><span style=\"font-weight: 400;\"><br><\/span><\/a><span style=\"font-weight: 400;\">W3C Web Accessibility Initiative.<\/span><\/p>\t\t\t\t\t\t<\/div>\n\t\t\t\t<\/div>\n\t\t\t\t\t<\/div>\n\t\t\t\t<\/div>\n\t\t\t\t<\/div>\n\t\t","protected":false},"excerpt":{"rendered":"<p>Accessibility Policy In the construction of the web page of Asesor\u00eda Perez &amp; Porras&nbsp;measures have been adopted with the objective that the largest possible number of people can reach the information transmitted in it, regardless of the limitations of the person or those arising from the context of use. Thus, the following aspects have been &#8230; <a title=\"Legal Notice\" class=\"read-more\" href=\"https:\/\/asesoriaperez.com\/en\/legal-notice\/\" aria-label=\"Read more about Legal Notice\">Read more<\/a><\/p>\n","protected":false},"author":3,"featured_media":0,"parent":0,"menu_order":0,"comment_status":"closed","ping_status":"closed","template":"elementor_header_footer","meta":{"footnotes":""},"class_list":["post-2815","page","type-page","status-publish"],"yoast_head":"<!-- This site is optimized with the Yoast SEO plugin v23.3 - https:\/\/yoast.com\/wordpress\/plugins\/seo\/ -->\n<title>Legal Notice - Gestor\u00eda P\u00e9rez &amp; Porras SL<\/title>\n<meta name=\"robots\" content=\"index, follow, max-snippet:-1, max-image-preview:large, max-video-preview:-1\" \/>\n<link rel=\"canonical\" href=\"https:\/\/asesoriaperez.com\/en\/legal-notice\/\" \/>\n<meta property=\"og:locale\" content=\"en_US\" \/>\n<meta property=\"og:type\" content=\"article\" \/>\n<meta property=\"og:title\" content=\"Legal Notice - Gestor\u00eda P\u00e9rez &amp; Porras SL\" \/>\n<meta property=\"og:description\" content=\"Accessibility Policy In the construction of the web page of Asesor\u00eda Perez &amp; Porras&nbsp;measures have been adopted with the objective that the largest possible number of people can reach the information transmitted in it, regardless of the limitations of the person or those arising from the context of use. Thus, the following aspects have been ... Read more\" \/>\n<meta property=\"og:url\" content=\"https:\/\/asesoriaperez.com\/en\/legal-notice\/\" \/>\n<meta property=\"og:site_name\" content=\"Gestor\u00eda P\u00e9rez &amp; Porras SL\" \/>\n<meta property=\"article:modified_time\" content=\"2024-08-09T09:09:30+00:00\" \/>\n<meta name=\"twitter:card\" content=\"summary_large_image\" \/>\n<meta name=\"twitter:label1\" content=\"Est. reading time\" \/>\n\t<meta name=\"twitter:data1\" content=\"2 minutes\" \/>\n<script type=\"application\/ld+json\" class=\"yoast-schema-graph\">{\"@context\":\"https:\/\/schema.org\",\"@graph\":[{\"@type\":\"WebPage\",\"@id\":\"https:\/\/asesoriaperez.com\/en\/legal-notice\/\",\"url\":\"https:\/\/asesoriaperez.com\/en\/legal-notice\/\",\"name\":\"Legal Notice - Gestor\u00eda P\u00e9rez &amp; Porras SL\",\"isPartOf\":{\"@id\":\"https:\/\/asesoriaperez.com\/en\/#website\"},\"datePublished\":\"2024-05-21T11:09:12+00:00\",\"dateModified\":\"2024-08-09T09:09:30+00:00\",\"breadcrumb\":{\"@id\":\"https:\/\/asesoriaperez.com\/en\/legal-notice\/#breadcrumb\"},\"inLanguage\":\"en-US\",\"potentialAction\":[{\"@type\":\"ReadAction\",\"target\":[\"https:\/\/asesoriaperez.com\/en\/legal-notice\/\"]}]},{\"@type\":\"BreadcrumbList\",\"@id\":\"https:\/\/asesoriaperez.com\/en\/legal-notice\/#breadcrumb\",\"itemListElement\":[{\"@type\":\"ListItem\",\"position\":1,\"name\":\"Portada\",\"item\":\"https:\/\/asesoriaperez.com\/en\/perez-porras-s-l-consulting-firm\/\"},{\"@type\":\"ListItem\",\"position\":2,\"name\":\"Legal Notice\"}]},{\"@type\":\"WebSite\",\"@id\":\"https:\/\/asesoriaperez.com\/en\/#website\",\"url\":\"https:\/\/asesoriaperez.com\/en\/\",\"name\":\"Gestor\u00eda P\u00e9rez &amp; Porras SL\",\"description\":\"\",\"publisher\":{\"@id\":\"https:\/\/asesoriaperez.com\/en\/#organization\"},\"potentialAction\":[{\"@type\":\"SearchAction\",\"target\":{\"@type\":\"EntryPoint\",\"urlTemplate\":\"https:\/\/asesoriaperez.com\/en\/?s={search_term_string}\"},\"query-input\":\"required name=search_term_string\"}],\"inLanguage\":\"en-US\"},{\"@type\":\"Organization\",\"@id\":\"https:\/\/asesoriaperez.com\/en\/#organization\",\"name\":\"Gestor\u00eda P\u00e9rez &amp; Porras SL\",\"url\":\"https:\/\/asesoriaperez.com\/en\/\",\"logo\":{\"@type\":\"ImageObject\",\"inLanguage\":\"en-US\",\"@id\":\"https:\/\/asesoriaperez.com\/en\/#\/schema\/logo\/image\/\",\"url\":\"https:\/\/asesoriaperez.com\/wp-content\/uploads\/2026\/02\/LOGO-VERSION-PRINCIPAL-1.png\",\"contentUrl\":\"https:\/\/asesoriaperez.com\/wp-content\/uploads\/2026\/02\/LOGO-VERSION-PRINCIPAL-1.png\",\"width\":369,\"height\":55,\"caption\":\"Gestor\u00eda P\u00e9rez &amp; Porras  SL\"},\"image\":{\"@id\":\"https:\/\/asesoriaperez.com\/en\/#\/schema\/logo\/image\/\"}}]}<\/script>\n<!-- \/ Yoast SEO plugin. -->","yoast_head_json":{"title":"Legal Notice - Gestor\u00eda P\u00e9rez &amp; Porras SL","robots":{"index":"index","follow":"follow","max-snippet":"max-snippet:-1","max-image-preview":"max-image-preview:large","max-video-preview":"max-video-preview:-1"},"canonical":"https:\/\/asesoriaperez.com\/en\/legal-notice\/","og_locale":"en_US","og_type":"article","og_title":"Legal Notice - Gestor\u00eda P\u00e9rez &amp; Porras SL","og_description":"Accessibility Policy In the construction of the web page of Asesor\u00eda Perez &amp; Porras&nbsp;measures have been adopted with the objective that the largest possible number of people can reach the information transmitted in it, regardless of the limitations of the person or those arising from the context of use. Thus, the following aspects have been ... Read more","og_url":"https:\/\/asesoriaperez.com\/en\/legal-notice\/","og_site_name":"Gestor\u00eda P\u00e9rez &amp; Porras SL","article_modified_time":"2024-08-09T09:09:30+00:00","twitter_card":"summary_large_image","twitter_misc":{"Est. reading time":"2 minutes"},"schema":{"@context":"https:\/\/schema.org","@graph":[{"@type":"WebPage","@id":"https:\/\/asesoriaperez.com\/en\/legal-notice\/","url":"https:\/\/asesoriaperez.com\/en\/legal-notice\/","name":"Legal Notice - Gestor\u00eda P\u00e9rez &amp; Porras SL","isPartOf":{"@id":"https:\/\/asesoriaperez.com\/en\/#website"},"datePublished":"2024-05-21T11:09:12+00:00","dateModified":"2024-08-09T09:09:30+00:00","breadcrumb":{"@id":"https:\/\/asesoriaperez.com\/en\/legal-notice\/#breadcrumb"},"inLanguage":"en-US","potentialAction":[{"@type":"ReadAction","target":["https:\/\/asesoriaperez.com\/en\/legal-notice\/"]}]},{"@type":"BreadcrumbList","@id":"https:\/\/asesoriaperez.com\/en\/legal-notice\/#breadcrumb","itemListElement":[{"@type":"ListItem","position":1,"name":"Portada","item":"https:\/\/asesoriaperez.com\/en\/perez-porras-s-l-consulting-firm\/"},{"@type":"ListItem","position":2,"name":"Legal Notice"}]},{"@type":"WebSite","@id":"https:\/\/asesoriaperez.com\/en\/#website","url":"https:\/\/asesoriaperez.com\/en\/","name":"Gestor\u00eda P\u00e9rez &amp; Porras SL","description":"","publisher":{"@id":"https:\/\/asesoriaperez.com\/en\/#organization"},"potentialAction":[{"@type":"SearchAction","target":{"@type":"EntryPoint","urlTemplate":"https:\/\/asesoriaperez.com\/en\/?s={search_term_string}"},"query-input":"required name=search_term_string"}],"inLanguage":"en-US"},{"@type":"Organization","@id":"https:\/\/asesoriaperez.com\/en\/#organization","name":"Gestor\u00eda P\u00e9rez &amp; Porras SL","url":"https:\/\/asesoriaperez.com\/en\/","logo":{"@type":"ImageObject","inLanguage":"en-US","@id":"https:\/\/asesoriaperez.com\/en\/#\/schema\/logo\/image\/","url":"https:\/\/asesoriaperez.com\/wp-content\/uploads\/2026\/02\/LOGO-VERSION-PRINCIPAL-1.png","contentUrl":"https:\/\/asesoriaperez.com\/wp-content\/uploads\/2026\/02\/LOGO-VERSION-PRINCIPAL-1.png","width":369,"height":55,"caption":"Gestor\u00eda P\u00e9rez &amp; Porras  SL"},"image":{"@id":"https:\/\/asesoriaperez.com\/en\/#\/schema\/logo\/image\/"}}]}},"_links":{"self":[{"href":"https:\/\/asesoriaperez.com\/en\/wp-json\/wp\/v2\/pages\/2815"}],"collection":[{"href":"https:\/\/asesoriaperez.com\/en\/wp-json\/wp\/v2\/pages"}],"about":[{"href":"https:\/\/asesoriaperez.com\/en\/wp-json\/wp\/v2\/types\/page"}],"author":[{"embeddable":true,"href":"https:\/\/asesoriaperez.com\/en\/wp-json\/wp\/v2\/users\/3"}],"replies":[{"embeddable":true,"href":"https:\/\/asesoriaperez.com\/en\/wp-json\/wp\/v2\/comments?post=2815"}],"version-history":[{"count":2,"href":"https:\/\/asesoriaperez.com\/en\/wp-json\/wp\/v2\/pages\/2815\/revisions"}],"predecessor-version":[{"id":2817,"href":"https:\/\/asesoriaperez.com\/en\/wp-json\/wp\/v2\/pages\/2815\/revisions\/2817"}],"wp:attachment":[{"href":"https:\/\/asesoriaperez.com\/en\/wp-json\/wp\/v2\/media?parent=2815"}],"curies":[{"name":"wp","href":"https:\/\/api.w.org\/{rel}","templated":true}]}}